
{"id":2,"date":"2015-09-15T14:17:51","date_gmt":"2015-09-15T14:17:51","guid":{"rendered":"http:\/\/laglace.dk\/?page_id=2"},"modified":"2025-11-23T08:23:23","modified_gmt":"2025-11-23T07:23:23","slug":"eksempel-side","status":"publish","type":"page","link":"https:\/\/laglace.dk\/da\/","title":{"rendered":"Velkommen til La&nbsp;Glace"},"content":{"rendered":"<p>Conditori La Glace er Danmarks \u00e6ldste, og nok ogs\u00e5 bedste konditori. Grundlagt 8. oktober 1870 midt i det gamle K\u00f8benhavn og gennem 6 generationer leverand\u00f8r af livskvalitet til k\u00f8benhavnerne og andet godtfolk.<br \/>\nDet vil gl\u00e6de os, at byde\u00a0Dem velkommen i de smukke gamle lokaler, hvor De kan opleve \u00e6gte kagekunst.<br \/>\nEller bringe de traditionsrige kager med hjem til kaffen. Indtil da, kan De se hvad La Glace kan byde p\u00e5, her p\u00e5 hjemmesiden.<\/p>\n","protected":false},"excerpt":{"rendered":"<p>Conditori La Glace er Danmarks \u00e6ldste, og nok ogs\u00e5 bedste konditori. Grundlagt 8. oktober 1870 midt i det gamle K\u00f8benhavn og gennem 6 generationer leverand\u00f8r af livskvalitet til k\u00f8benhavnerne og andet godtfolk. Det vil gl\u00e6de os, at byde\u00a0Dem velkommen i de smukke gamle lokaler, hvor De kan opleve \u00e6gte kagekunst. Eller bringe de traditionsrige kager [&hellip;]<\/p>\n","protected":false},"author":1,"featured_media":2073773,"parent":0,"menu_order":0,"comment_status":"open","ping_status":"closed","template":"frontpage.php","meta":{"footnotes":""},"class_list":["post-2","page","type-page","status-publish","has-post-thumbnail","hentry"],"_links":{"self":[{"href":"https:\/\/laglace.dk\/da\/wp-json\/wp\/v2\/pages\/2","targetHints":{"allow":["GET"]}}],"collection":[{"href":"https:\/\/laglace.dk\/da\/wp-json\/wp\/v2\/pages"}],"about":[{"href":"https:\/\/laglace.dk\/da\/wp-json\/wp\/v2\/types\/page"}],"author":[{"embeddable":true,"href":"https:\/\/laglace.dk\/da\/wp-json\/wp\/v2\/users\/1"}],"replies":[{"embeddable":true,"href":"https:\/\/laglace.dk\/da\/wp-json\/wp\/v2\/comments?post=2"}],"version-history":[{"count":14,"href":"https:\/\/laglace.dk\/da\/wp-json\/wp\/v2\/pages\/2\/revisions"}],"predecessor-version":[{"id":2073691,"href":"https:\/\/laglace.dk\/da\/wp-json\/wp\/v2\/pages\/2\/revisions\/2073691"}],"wp:featuredmedia":[{"embeddable":true,"href":"https:\/\/laglace.dk\/da\/wp-json\/wp\/v2\/media\/2073773"}],"wp:attachment":[{"href":"https:\/\/laglace.dk\/da\/wp-json\/wp\/v2\/media?parent=2"}],"curies":[{"name":"wp","href":"https:\/\/api.w.org\/{rel}","templated":true}]}}